{"id":483,"date":"2025-10-23T21:41:09","date_gmt":"2025-10-23T21:41:09","guid":{"rendered":"https:\/\/electric-offroad.at\/?page_id=483"},"modified":"2025-10-28T19:22:09","modified_gmt":"2025-10-28T19:22:09","slug":"electricojos","status":"publish","type":"page","link":"https:\/\/electric-offroad.at\/?page_id=483","title":{"rendered":"http:\/\/electricojos.com\/"},"content":{"rendered":"<p><a href=\"http:\/\/electricojos.com\">electricojos.com<\/a><\/p>\n<p>&nbsp;<\/p>\n<p>ElectricOjos begann als Offroadprojekt am Ojos del Salado im Juli 2023, w\u00e4hrend eines zwei w\u00f6chigen Aufenthalts in der Atacama rund um den Ojos.<\/p>\n<p>Im J\u00e4nner 2025 war der bisherige H\u00f6hepunkt mit dem 0 auf 6893 m Ultra Duathlonprojekt von Andreas Fuchs!<\/p>\n<p>&nbsp;<\/p>\n<p>Ojos del Salado bedeuted &#8220;Auge des Salzes&#8220;.<\/p>\n<p>Von Copiapo f\u00e4hrt man ca. 270 km in \u00f6stlicher Richtung um den Ojos [Ochos] mitten in der Atacama W\u00fcste zu erreichen. Der Berg hat einen chilenischen und argentinischen Teil.<\/p>\n<p>Der Ojos del Salado ist der h\u00f6chste aktive Schichtvulkan der Erde. Sein Gipfel ragt 6893 m \u00fcber die Meeresoberfl\u00e4che hinaus.<\/p>\n<p>Der Berg ist ein highlight f\u00fcr Hochalpinisten und Offroadfahrer!<\/p>\n<p>Am Ojos wurden bislang alle H\u00f6henrekorde f\u00fcr ein und mehrspurige KFZ erzielt!<\/p>\n<p>Der derzeitige Rekord f\u00fcr elektrisch betriebene KFZ liegt bei 6510 m und wurde vom &#8220;Peakevolution Team&#8220; im Dezember 2023 erreicht!<\/p>\n<p>Der derzeitige Rekord f\u00fcr zweispurige KFZ gesamt liegt bei 6723 m, erreicht mit einem speziell daf\u00fcr gebauten Porsche mit Verbrennungsmotor.<\/p>\n<p>&nbsp;<\/p>\n<div id=\"mceu_42\" class=\"wp-link-preview\"><a tabindex=\"-1\" href=\"https:\/\/de.wikipedia.org\/wiki\/Nevado_Ojos_del_Salado\" target=\"_blank\" rel=\"noopener\">de.wikipedia.org\/\u2026\/Nevado_Ojos_del_Salado<\/a><\/div>\n","protected":false},"excerpt":{"rendered":"<p>electricojos.com &nbsp; ElectricOjos begann als Offroadprojekt am Ojos del Salado im Juli 2023, w\u00e4hrend eines zwei w\u00f6chigen Aufenthalts in der Atacama rund um den Ojos. Im J\u00e4nner 2025 war der bisherige H\u00f6hepunkt mit dem 0 auf 6893 m Ultra Duathlonprojekt von Andreas Fuchs! &nbsp; Ojos del Salado bedeuted &#8220;Auge des Salzes&#8220;. Von Copiapo f\u00e4hrt man [&hellip;]<\/p>\n","protected":false},"author":3,"featured_media":0,"parent":0,"menu_order":0,"comment_status":"closed","ping_status":"closed","template":"","meta":{"footnotes":""},"class_list":["post-483","page","type-page","status-publish","hentry"],"_links":{"self":[{"href":"https:\/\/electric-offroad.at\/index.php?rest_route=\/wp\/v2\/pages\/483","targetHints":{"allow":["GET"]}}],"collection":[{"href":"https:\/\/electric-offroad.at\/index.php?rest_route=\/wp\/v2\/pages"}],"about":[{"href":"https:\/\/electric-offroad.at\/index.php?rest_route=\/wp\/v2\/types\/page"}],"author":[{"embeddable":true,"href":"https:\/\/electric-offroad.at\/index.php?rest_route=\/wp\/v2\/users\/3"}],"replies":[{"embeddable":true,"href":"https:\/\/electric-offroad.at\/index.php?rest_route=%2Fwp%2Fv2%2Fcomments&post=483"}],"version-history":[{"count":27,"href":"https:\/\/electric-offroad.at\/index.php?rest_route=\/wp\/v2\/pages\/483\/revisions"}],"predecessor-version":[{"id":516,"href":"https:\/\/electric-offroad.at\/index.php?rest_route=\/wp\/v2\/pages\/483\/revisions\/516"}],"wp:attachment":[{"href":"https:\/\/electric-offroad.at\/index.php?rest_route=%2Fwp%2Fv2%2Fmedia&parent=483"}],"curies":[{"name":"wp","href":"https:\/\/api.w.org\/{rel}","templated":true}]}}