{"id":365,"date":"2025-07-08T01:40:34","date_gmt":"2025-07-08T01:40:34","guid":{"rendered":"https:\/\/electric-offroad.at\/?page_id=365"},"modified":"2025-07-08T01:52:09","modified_gmt":"2025-07-08T01:52:09","slug":"utv","status":"publish","type":"page","link":"https:\/\/electric-offroad.at\/?page_id=365","title":{"rendered":"UTV"},"content":{"rendered":"<p><span data-huuid=\"12322910501561458238\"><strong>UTV <\/strong>steht f\u00fcr\u00a0<strong><mark class=\"QVRyCf\"> Utility Terrain Vehicle<\/mark>.<\/strong> Dabei<\/span><span data-huuid=\"12322910501561456211\"> handelt es sich um eine Art von Gel\u00e4ndefahrzeug. Eine andere g\u00e4ngige Bezeichnung lautet Side-by-Side, da die Passagiere nebeneinander sitzen. <\/span><span data-huuid=\"12322910501561458280\">Im Gegensatz zu ATVs (All-Terrain Vehicles) sind UTVs in der Regel gr\u00f6\u00dfer. UTV&#8217;s verf\u00fcgen \u00fcber mehr Stauraum und Nutzlast. Diese Fahrzeuge sind f\u00fcr den Transport von Personen und G\u00fctern konzipiert<\/span><\/p>\n<p><strong>Nutzung:<\/strong><\/p>\n<p><span data-huuid=\"14269780515430637925\">UTVs werden sowohl f\u00fcr Freizeitaktivit\u00e4ten als auch f\u00fcr Arbeiten in der Landwirtschaft, Forstwirtschaft oder im Bauwesen eingesetzt<\/span><\/p>\n<p><strong>Merkmale:<\/strong><\/p>\n<p><span data-huuid=\"14269780515430641600\">Sie verf\u00fcgen oft \u00fcber eine Ladefl\u00e4che, \u00dcberrollb\u00fcgel, Lenkrad und Pedale zur Steuerung und sind mit Allradantrieb ausgestattet<\/span><\/p>\n<p><strong>Side-by-Side:<\/strong><\/p>\n<p><span data-huuid=\"14269780515430640758\">Die Bezeichnung Side-by-Side (SxS) bezieht sich auf die Sitzanordnung im Fahrzeug, bei der die Passagiere nebeneinander sitzen<\/span><\/p>\n<p><strong>Utility:<\/strong><\/p>\n<p><span data-huuid=\"14269780515430640337\">Der Begriff &#8222;Utility&#8220; unterstreicht die praktische und funktionale Ausrichtung des Fahrzeugs, das f\u00fcr verschiedene Arbeitsaufgaben eingesetzt werden kann<\/span><\/p>\n","protected":false},"excerpt":{"rendered":"<p>UTV steht f\u00fcr\u00a0 Utility Terrain Vehicle. Dabei handelt es sich um eine Art von Gel\u00e4ndefahrzeug. Eine andere g\u00e4ngige Bezeichnung lautet Side-by-Side, da die Passagiere nebeneinander sitzen. Im Gegensatz zu ATVs (All-Terrain Vehicles) sind UTVs in der Regel gr\u00f6\u00dfer. UTV&#8217;s verf\u00fcgen \u00fcber mehr Stauraum und Nutzlast. Diese Fahrzeuge sind f\u00fcr den Transport von Personen und G\u00fctern [&hellip;]<\/p>\n","protected":false},"author":3,"featured_media":0,"parent":0,"menu_order":0,"comment_status":"closed","ping_status":"closed","template":"","meta":{"footnotes":""},"class_list":["post-365","page","type-page","status-publish","hentry"],"_links":{"self":[{"href":"https:\/\/electric-offroad.at\/index.php?rest_route=\/wp\/v2\/pages\/365","targetHints":{"allow":["GET"]}}],"collection":[{"href":"https:\/\/electric-offroad.at\/index.php?rest_route=\/wp\/v2\/pages"}],"about":[{"href":"https:\/\/electric-offroad.at\/index.php?rest_route=\/wp\/v2\/types\/page"}],"author":[{"embeddable":true,"href":"https:\/\/electric-offroad.at\/index.php?rest_route=\/wp\/v2\/users\/3"}],"replies":[{"embeddable":true,"href":"https:\/\/electric-offroad.at\/index.php?rest_route=%2Fwp%2Fv2%2Fcomments&post=365"}],"version-history":[{"count":6,"href":"https:\/\/electric-offroad.at\/index.php?rest_route=\/wp\/v2\/pages\/365\/revisions"}],"predecessor-version":[{"id":386,"href":"https:\/\/electric-offroad.at\/index.php?rest_route=\/wp\/v2\/pages\/365\/revisions\/386"}],"wp:attachment":[{"href":"https:\/\/electric-offroad.at\/index.php?rest_route=%2Fwp%2Fv2%2Fmedia&parent=365"}],"curies":[{"name":"wp","href":"https:\/\/api.w.org\/{rel}","templated":true}]}}