{"id":351,"date":"2025-07-07T21:10:30","date_gmt":"2025-07-07T21:10:30","guid":{"rendered":"https:\/\/electric-offroad.at\/?page_id=351"},"modified":"2025-08-12T22:19:05","modified_gmt":"2025-08-12T22:19:05","slug":"unsere-ziele","status":"publish","type":"page","link":"https:\/\/electric-offroad.at\/?page_id=351","title":{"rendered":"Idee"},"content":{"rendered":"<p>Spa\u00df am Entdecken!<\/p>\n<p>Mit einem UTV (Utility Terrain Vehicle) l\u00e4sst sich die n\u00e4here und weitere Umgebung einfach, sauber, leise und bequem erkunden!<\/p>\n<p>Wir bieten Privatpersonen, Hotels, Freizeiteinrichtungen, Firmen, Grundst\u00fcckbesitzern und Organisationen elektrische UTV&#8217;s als Kurzzeit- oder Dauermiete.<\/p>\n<p>&nbsp;<\/p>\n<p>&nbsp;<\/p>\n<p>&nbsp;<\/p>\n","protected":false},"excerpt":{"rendered":"<p>Spa\u00df am Entdecken! Mit einem UTV (Utility Terrain Vehicle) l\u00e4sst sich die n\u00e4here und weitere Umgebung einfach, sauber, leise und bequem erkunden! Wir bieten Privatpersonen, Hotels, Freizeiteinrichtungen, Firmen, Grundst\u00fcckbesitzern und Organisationen elektrische UTV&#8217;s als Kurzzeit- oder Dauermiete. &nbsp; &nbsp; &nbsp;<\/p>\n","protected":false},"author":3,"featured_media":0,"parent":0,"menu_order":0,"comment_status":"closed","ping_status":"closed","template":"","meta":{"footnotes":""},"class_list":["post-351","page","type-page","status-publish","hentry"],"_links":{"self":[{"href":"https:\/\/electric-offroad.at\/index.php?rest_route=\/wp\/v2\/pages\/351","targetHints":{"allow":["GET"]}}],"collection":[{"href":"https:\/\/electric-offroad.at\/index.php?rest_route=\/wp\/v2\/pages"}],"about":[{"href":"https:\/\/electric-offroad.at\/index.php?rest_route=\/wp\/v2\/types\/page"}],"author":[{"embeddable":true,"href":"https:\/\/electric-offroad.at\/index.php?rest_route=\/wp\/v2\/users\/3"}],"replies":[{"embeddable":true,"href":"https:\/\/electric-offroad.at\/index.php?rest_route=%2Fwp%2Fv2%2Fcomments&post=351"}],"version-history":[{"count":4,"href":"https:\/\/electric-offroad.at\/index.php?rest_route=\/wp\/v2\/pages\/351\/revisions"}],"predecessor-version":[{"id":375,"href":"https:\/\/electric-offroad.at\/index.php?rest_route=\/wp\/v2\/pages\/351\/revisions\/375"}],"wp:attachment":[{"href":"https:\/\/electric-offroad.at\/index.php?rest_route=%2Fwp%2Fv2%2Fmedia&parent=351"}],"curies":[{"name":"wp","href":"https:\/\/api.w.org\/{rel}","templated":true}]}}